{"id":31,"date":"2022-03-28T11:26:08","date_gmt":"2022-03-28T16:26:08","guid":{"rendered":"https:\/\/pqrs.husj.gov.co\/?page_id=31"},"modified":"2022-03-31T00:35:48","modified_gmt":"2022-03-31T05:35:48","slug":"welcome","status":"publish","type":"page","link":"https:\/\/pqrs.husj.gov.co\/","title":{"rendered":""},"content":{"rendered":"<p>[vc_row full_width=&#8221;stretch_row_content_no_spaces&#8221; full_height=&#8221;yes&#8221; columns_placement=&#8221;top&#8221; content_placement=&#8221;top&#8221;][vc_column][vc_column_text]<\/p>\n<section id=\"section1\" class=\"section\"><img decoding=\"async\" class=\"background\" src=\"http:\/\/pqrs.husj.gov.co\/wp-content\/uploads\/2022\/03\/home.png\" alt=\"home_image\" \/><\/p>\n<header><a class=\"logo\" href=\"\/\"><img decoding=\"async\" src=\"http:\/\/pqrs.husj.gov.co\/wp-content\/uploads\/2022\/03\/logo.png\" alt=\"logo_image\" \/><\/a><\/header>\n<div class=\"content\">\n<p><img decoding=\"async\" class=\"person animate__animated animate__slideInLeft\" src=\"http:\/\/pqrs.husj.gov.co\/wp-content\/uploads\/2022\/03\/person.png\" alt=\"person_image\" \/><\/p>\n<div class=\"info animate__animated animate__fadeInDown\">\n<h5 class=\"message\">D\u00e9janos tus Pqrs de manera r\u00e1pida y sencilla a trav\u00e9s de nuestra plataforma.<\/h5>\n<p><a class=\"btn btn-light btn-lg mt-4\" href=\"https:\/\/pqrs.husj.gov.co\/index.php\/js-support-ticket-controlpanel\/\">Crear PQRS<\/a><\/p>\n<\/div>\n<\/div>\n<\/section>\n<p>[\/vc_column_text][\/vc_column][\/vc_row]<\/p>\n","protected":false},"excerpt":{"rendered":"<p>[vc_row full_width=&#8221;stretch_row_content_no_spaces&#8221; full_height=&#8221;yes&#8221; columns_placement=&#8221;top&#8221; content_placement=&#8221;top&#8221;][vc_column][vc_column_text] D\u00e9janos tus Pqrs de manera r\u00e1pida y sencilla a trav\u00e9s de nuestra plataforma. Crear PQRS [\/vc_column_text][\/vc_column][\/vc_row]<\/p>\n","protected":false},"author":1,"featured_media":0,"parent":0,"menu_order":0,"comment_status":"closed","ping_status":"closed","template":"","meta":{"site-sidebar-layout":"no-sidebar","site-content-layout":"plain-container","ast-main-header-display":"disabled","ast-hfb-above-header-display":"","ast-hfb-below-header-display":"","ast-hfb-mobile-header-display":"","site-post-title":"disabled","ast-breadcrumbs-content":"","ast-featured-img":"disabled","footer-sml-layout":"disabled","theme-transparent-header-meta":"default","adv-header-id-meta":"","stick-header-meta":"","header-above-stick-meta":"","header-main-stick-meta":"","header-below-stick-meta":"","footnotes":""},"class_list":["post-31","page","type-page","status-publish","hentry"],"_links":{"self":[{"href":"https:\/\/pqrs.husj.gov.co\/index.php\/wp-json\/wp\/v2\/pages\/31","targetHints":{"allow":["GET"]}}],"collection":[{"href":"https:\/\/pqrs.husj.gov.co\/index.php\/wp-json\/wp\/v2\/pages"}],"about":[{"href":"https:\/\/pqrs.husj.gov.co\/index.php\/wp-json\/wp\/v2\/types\/page"}],"author":[{"embeddable":true,"href":"https:\/\/pqrs.husj.gov.co\/index.php\/wp-json\/wp\/v2\/users\/1"}],"replies":[{"embeddable":true,"href":"https:\/\/pqrs.husj.gov.co\/index.php\/wp-json\/wp\/v2\/comments?post=31"}],"version-history":[{"count":0,"href":"https:\/\/pqrs.husj.gov.co\/index.php\/wp-json\/wp\/v2\/pages\/31\/revisions"}],"wp:attachment":[{"href":"https:\/\/pqrs.husj.gov.co\/index.php\/wp-json\/wp\/v2\/media?parent=31"}],"curies":[{"name":"wp","href":"https:\/\/api.w.org\/{rel}","templated":true}]}}